{"id":498,"date":"2024-12-18T17:43:53","date_gmt":"2024-12-18T22:43:53","guid":{"rendered":"https:\/\/premierjanitorialcompany.com\/?page_id=498"},"modified":"2024-12-24T16:03:34","modified_gmt":"2024-12-24T21:03:34","slug":"servicios-especiales","status":"publish","type":"page","link":"https:\/\/www.premierjanitorialcompany.com\/es\/servicios-especiales\/","title":{"rendered":"Servicios Especiales"},"content":{"rendered":"<p>[et_pb_section fb_built=\u00bb1&#8243; _builder_version=\u00bb4.27.4&#8243; _module_preset=\u00bbdefault\u00bb background_image=\u00bbhttps:\/\/premierjanitorialcompany.com\/wp-content\/uploads\/2024\/12\/Boceto-Premier-Clean-janitorial.png\u00bb custom_padding=\u00bb20px||20px||true|false\u00bb global_colors_info=\u00bb{}\u00bb][et_pb_row column_structure=\u00bb1_2,1_2&#8243; _builder_version=\u00bb4.27.4&#8243; _module_preset=\u00bbdefault\u00bb width=\u00bb90%\u00bb max_width=\u00bb90%\u00bb custom_padding=\u00bb1px||3px|||\u00bb animation_style=\u00bbslide\u00bb global_colors_info=\u00bb{}\u00bb][et_pb_column type=\u00bb1_2&#8243; _builder_version=\u00bb4.27.4&#8243; _module_preset=\u00bbdefault\u00bb global_colors_info=\u00bb{}\u00bb][et_pb_text _builder_version=\u00bb4.27.4&#8243; _module_preset=\u00bbdefault\u00bb text_font=\u00bbMyriad Pro|800|||||||\u00bb text_text_color=\u00bb#d3b06c\u00bb text_font_size=\u00bb50px\u00bb text_line_height=\u00bb1em\u00bb custom_margin=\u00bb124px|||||\u00bb custom_margin_tablet=\u00bb10px||||false|false\u00bb custom_margin_phone=\u00bb0px||||false|false\u00bb custom_margin_last_edited=\u00bbon|phone\u00bb text_font_size_tablet=\u00bb35px\u00bb text_font_size_phone=\u00bb30px\u00bb text_font_size_last_edited=\u00bbon|phone\u00bb global_colors_info=\u00bb{}\u00bb]<\/p>\n<p aria-level=\"3\"><b><span data-contrast=\"none\">Servicios Especiales <br \/><\/span><\/b><\/p>\n<p>[\/et_pb_text][et_pb_text _builder_version=\u00bb4.27.4&#8243; _module_preset=\u00bbdefault\u00bb text_text_color=\u00bb#000000&#8243; text_orientation=\u00bbjustified\u00bb global_colors_info=\u00bb{}\u00bb]<\/p>\n<p><span data-contrast=\"auto\"><\/span>Atendemos necesidades de limpieza \u00fanicas con nuestros servicios especializados, incluyendo limpieza para eventos como bodas, quincea\u00f1eras, cumplea\u00f1os, entre otros.<\/p>\n<p>[\/et_pb_text][et_pb_text _builder_version=\u00bb4.27.4&#8243; _module_preset=\u00bbdefault\u00bb text_font=\u00bbMyriad Pro|800|||||||\u00bb text_text_color=\u00bb#d3b06c\u00bb text_font_size=\u00bb35px\u00bb text_line_height=\u00bb1em\u00bb text_font_size_tablet=\u00bb35px\u00bb text_font_size_phone=\u00bb30px\u00bb text_font_size_last_edited=\u00bbon|phone\u00bb global_colors_info=\u00bb{}\u00bb]<\/p>\n<p>Cualquiera que sea tu desaf\u00edo de limpieza, tenemos la soluci\u00f3n.<\/p>\n<p>[\/et_pb_text][\/et_pb_column][et_pb_column type=\u00bb1_2&#8243; _builder_version=\u00bb4.27.4&#8243; _module_preset=\u00bbdefault\u00bb background_color=\u00bb#46516d\u00bb custom_padding=\u00bb20px|20px|20px|20px|true|true\u00bb box_shadow_style=\u00bbpreset2&#8243; global_colors_info=\u00bb{}\u00bb][et_pb_image src=\u00bbhttps:\/\/premierjanitorialcompany.com\/wp-content\/uploads\/2024\/12\/commercial-janitorial.jpg\u00bb title_text=\u00bbcommercial-janitorial\u00bb _builder_version=\u00bb4.27.4&#8243; _module_preset=\u00bbdefault\u00bb global_colors_info=\u00bb{}\u00bb][\/et_pb_image][\/et_pb_column][\/et_pb_row][\/et_pb_section]<\/p>\n","protected":false},"excerpt":{"rendered":"<p>Servicios Especiales Atendemos necesidades de limpieza \u00fanicas con nuestros servicios especializados, incluyendo limpieza para eventos como bodas, quincea\u00f1eras, cumplea\u00f1os, entre otros.Cualquiera que sea tu desaf\u00edo de limpieza, tenemos la soluci\u00f3n.<\/p>\n","protected":false},"author":1,"featured_media":0,"parent":0,"menu_order":0,"comment_status":"closed","ping_status":"closed","template":"","meta":{"_et_pb_use_builder":"on","_et_pb_old_content":"<p>[et_pb_section fb_built=\"1\" _builder_version=\"4.27.4\" _module_preset=\"default\" background_image=\"https:\/\/premierjanitorialcompany.com\/wp-content\/uploads\/2024\/12\/Boceto-Premier-Clean-janitorial.png\" custom_padding=\"20px||20px||true|false\" global_colors_info=\"{}\"][et_pb_row column_structure=\"1_2,1_2\" _builder_version=\"4.27.4\" _module_preset=\"default\" width=\"90%\" max_width=\"90%\" custom_padding=\"1px||3px|||\" animation_style=\"slide\" global_colors_info=\"{}\"][et_pb_column type=\"1_2\" _builder_version=\"4.27.4\" _module_preset=\"default\" global_colors_info=\"{}\"][et_pb_text _builder_version=\"4.27.4\" _module_preset=\"default\" text_font=\"Myriad Pro|800|||||||\" text_text_color=\"#d3b06c\" text_font_size=\"50px\" text_line_height=\"1em\" custom_margin=\"124px|||||\" custom_margin_tablet=\"10px||||false|false\" custom_margin_phone=\"0px||||false|false\" custom_margin_last_edited=\"on|phone\" text_font_size_tablet=\"35px\" text_font_size_phone=\"30px\" text_font_size_last_edited=\"on|phone\" global_colors_info=\"{}\"]<\/p><p aria-level=\"3\"><b><span data-contrast=\"none\">Specialty Services<\/span><\/b><span data-ccp-props=\"{\"134233117\":false,\"134233118\":false,\"134245418\":true,\"134245529\":true,\"335559738\":281,\"335559739\":281}\">\u00a0<\/span><\/p><p>[\/et_pb_text][et_pb_text _builder_version=\"4.27.4\" _module_preset=\"default\" text_text_color=\"#000000\" text_orientation=\"justified\" hover_enabled=\"0\" global_colors_info=\"{}\" sticky_enabled=\"0\"]<\/p><p><span data-contrast=\"auto\">We address unique cleaning needs with our specialty services, including <br \/><\/span>event cleaning, such as weddings, quincea\u00f1eras, birthdays, etc.<\/p><p>[\/et_pb_text][et_pb_text _builder_version=\"4.27.4\" _module_preset=\"default\" text_font=\"Myriad Pro|800|||||||\" text_text_color=\"#d3b06c\" text_font_size=\"35px\" text_line_height=\"1em\" text_font_size_tablet=\"35px\" text_font_size_phone=\"30px\" text_font_size_last_edited=\"on|phone\" global_colors_info=\"{}\"]<\/p><p>Whatever your cleaning challenge, we have the solution.<\/p><p>[\/et_pb_text][\/et_pb_column][et_pb_column type=\"1_2\" _builder_version=\"4.27.4\" _module_preset=\"default\" background_color=\"#46516d\" custom_padding=\"20px|20px|20px|20px|true|true\" box_shadow_style=\"preset2\" global_colors_info=\"{}\"][et_pb_image src=\"https:\/\/premierjanitorialcompany.com\/wp-content\/uploads\/2024\/12\/foto2.jpg\" title_text=\"foto2\" _builder_version=\"4.27.4\" _module_preset=\"default\" global_colors_info=\"{}\"][\/et_pb_image][\/et_pb_column][\/et_pb_row][\/et_pb_section]<\/p>","_et_gb_content_width":"","footnotes":""},"class_list":["post-498","page","type-page","status-publish","hentry"],"_links":{"self":[{"href":"https:\/\/www.premierjanitorialcompany.com\/es\/wp-json\/wp\/v2\/pages\/498","targetHints":{"allow":["GET"]}}],"collection":[{"href":"https:\/\/www.premierjanitorialcompany.com\/es\/wp-json\/wp\/v2\/pages"}],"about":[{"href":"https:\/\/www.premierjanitorialcompany.com\/es\/wp-json\/wp\/v2\/types\/page"}],"author":[{"embeddable":true,"href":"https:\/\/www.premierjanitorialcompany.com\/es\/wp-json\/wp\/v2\/users\/1"}],"replies":[{"embeddable":true,"href":"https:\/\/www.premierjanitorialcompany.com\/es\/wp-json\/wp\/v2\/comments?post=498"}],"version-history":[{"count":4,"href":"https:\/\/www.premierjanitorialcompany.com\/es\/wp-json\/wp\/v2\/pages\/498\/revisions"}],"predecessor-version":[{"id":521,"href":"https:\/\/www.premierjanitorialcompany.com\/es\/wp-json\/wp\/v2\/pages\/498\/revisions\/521"}],"wp:attachment":[{"href":"https:\/\/www.premierjanitorialcompany.com\/es\/wp-json\/wp\/v2\/media?parent=498"}],"curies":[{"name":"wp","href":"https:\/\/api.w.org\/{rel}","templated":true}]}}