{"id":485,"date":"2024-12-18T17:36:11","date_gmt":"2024-12-18T22:36:11","guid":{"rendered":"https:\/\/premierjanitorialcompany.com\/?page_id=485"},"modified":"2024-12-24T15:47:34","modified_gmt":"2024-12-24T20:47:34","slug":"limpieza-post-construccion","status":"publish","type":"page","link":"https:\/\/www.premierjanitorialcompany.com\/es\/limpieza-post-construccion\/","title":{"rendered":"Limpieza Post-Construcci\u00f3n"},"content":{"rendered":"<p>[et_pb_section fb_built=\u00bb1&#8243; _builder_version=\u00bb4.27.4&#8243; _module_preset=\u00bbdefault\u00bb background_image=\u00bbhttps:\/\/premierjanitorialcompany.com\/wp-content\/uploads\/2024\/12\/Boceto-Premier-Clean-janitorial.png\u00bb custom_padding=\u00bb20px||20px||true|false\u00bb global_colors_info=\u00bb{}\u00bb][et_pb_row column_structure=\u00bb1_2,1_2&#8243; _builder_version=\u00bb4.27.4&#8243; _module_preset=\u00bbdefault\u00bb width=\u00bb90%\u00bb max_width=\u00bb90%\u00bb animation_style=\u00bbslide\u00bb global_colors_info=\u00bb{}\u00bb][et_pb_column type=\u00bb1_2&#8243; _builder_version=\u00bb4.27.4&#8243; _module_preset=\u00bbdefault\u00bb global_colors_info=\u00bb{}\u00bb][et_pb_text _builder_version=\u00bb4.27.4&#8243; _module_preset=\u00bbdefault\u00bb text_font=\u00bbMyriad Pro|800|||||||\u00bb text_text_color=\u00bb#d3b06c\u00bb text_font_size=\u00bb50px\u00bb text_line_height=\u00bb1em\u00bb custom_margin=\u00bb144px|||||\u00bb custom_margin_tablet=\u00bb10px||||false|false\u00bb custom_margin_phone=\u00bb0px||||false|false\u00bb custom_margin_last_edited=\u00bbon|phone\u00bb hover_enabled=\u00bb0&#8243; text_font_size_tablet=\u00bb35px\u00bb text_font_size_phone=\u00bb30px\u00bb text_font_size_last_edited=\u00bbon|phone\u00bb global_colors_info=\u00bb{}\u00bb sticky_enabled=\u00bb0&#8243;]<\/p>\n<p>Limpieza Post-Construcci\u00f3n<\/p>\n<p>[\/et_pb_text][et_pb_text _builder_version=\u00bb4.27.4&#8243; _module_preset=\u00bbdefault\u00bb text_text_color=\u00bb#000000&#8243; text_orientation=\u00bbjustified\u00bb hover_enabled=\u00bb0&#8243; global_colors_info=\u00bb{}\u00bb sticky_enabled=\u00bb0&#8243;]<\/p>\n<p><span data-contrast=\"auto\"><\/span>El desorden post-construcci\u00f3n puede ser abrumador, pero nos especializamos en transformar espacios en \u00e1reas impecables y listas para usar. Nuestro equipo maneja escombros, polvo y residuos de manera eficiente, dejando tu proyecto en perfectas condiciones.<\/p>\n<p>[\/et_pb_text][et_pb_text _builder_version=\u00bb4.27.4&#8243; _module_preset=\u00bbdefault\u00bb text_font=\u00bbMyriad Pro|800|||||||\u00bb text_text_color=\u00bb#d3b06c\u00bb text_font_size=\u00bb35px\u00bb text_line_height=\u00bb1em\u00bb hover_enabled=\u00bb0&#8243; text_font_size_tablet=\u00bb35px\u00bb text_font_size_phone=\u00bb30px\u00bb text_font_size_last_edited=\u00bbon|phone\u00bb global_colors_info=\u00bb{}\u00bb sticky_enabled=\u00bb0&#8243;]<\/p>\n<p>Conf\u00eda en nosotros para mostrar la mejor versi\u00f3n de tus proyectos terminados.<\/p>\n<p>[\/et_pb_text][\/et_pb_column][et_pb_column type=\u00bb1_2&#8243; _builder_version=\u00bb4.27.4&#8243; _module_preset=\u00bbdefault\u00bb background_color=\u00bb#46516d\u00bb custom_padding=\u00bb20px|20px|20px|20px|true|true\u00bb box_shadow_style=\u00bbpreset2&#8243; global_colors_info=\u00bb{}\u00bb][et_pb_image src=\u00bbhttps:\/\/premierjanitorialcompany.com\/wp-content\/uploads\/2024\/12\/foto2.jpg\u00bb title_text=\u00bbfoto2&#8243; _builder_version=\u00bb4.27.4&#8243; _module_preset=\u00bbdefault\u00bb global_colors_info=\u00bb{}\u00bb][\/et_pb_image][\/et_pb_column][\/et_pb_row][\/et_pb_section]<\/p>\n","protected":false},"excerpt":{"rendered":"<p>Limpieza Post-Construcci\u00f3nEl desorden post-construcci\u00f3n puede ser abrumador, pero nos especializamos en transformar espacios en \u00e1reas impecables y listas para usar. Nuestro equipo maneja escombros, polvo y residuos de manera eficiente, dejando tu proyecto en perfectas condiciones.Conf\u00eda en nosotros para mostrar la mejor versi\u00f3n de tus proyectos terminados.<\/p>\n","protected":false},"author":1,"featured_media":0,"parent":0,"menu_order":0,"comment_status":"closed","ping_status":"closed","template":"","meta":{"_et_pb_use_builder":"on","_et_pb_old_content":"","_et_gb_content_width":"","footnotes":""},"class_list":["post-485","page","type-page","status-publish","hentry"],"_links":{"self":[{"href":"https:\/\/www.premierjanitorialcompany.com\/es\/wp-json\/wp\/v2\/pages\/485","targetHints":{"allow":["GET"]}}],"collection":[{"href":"https:\/\/www.premierjanitorialcompany.com\/es\/wp-json\/wp\/v2\/pages"}],"about":[{"href":"https:\/\/www.premierjanitorialcompany.com\/es\/wp-json\/wp\/v2\/types\/page"}],"author":[{"embeddable":true,"href":"https:\/\/www.premierjanitorialcompany.com\/es\/wp-json\/wp\/v2\/users\/1"}],"replies":[{"embeddable":true,"href":"https:\/\/www.premierjanitorialcompany.com\/es\/wp-json\/wp\/v2\/comments?post=485"}],"version-history":[{"count":3,"href":"https:\/\/www.premierjanitorialcompany.com\/es\/wp-json\/wp\/v2\/pages\/485\/revisions"}],"predecessor-version":[{"id":489,"href":"https:\/\/www.premierjanitorialcompany.com\/es\/wp-json\/wp\/v2\/pages\/485\/revisions\/489"}],"wp:attachment":[{"href":"https:\/\/www.premierjanitorialcompany.com\/es\/wp-json\/wp\/v2\/media?parent=485"}],"curies":[{"name":"wp","href":"https:\/\/api.w.org\/{rel}","templated":true}]}}