{"id":443,"date":"2024-12-18T14:19:48","date_gmt":"2024-12-18T19:19:48","guid":{"rendered":"https:\/\/premierjanitorialcompany.com\/?page_id=443"},"modified":"2024-12-24T15:19:29","modified_gmt":"2024-12-24T20:19:29","slug":"floor-care","status":"publish","type":"page","link":"https:\/\/www.premierjanitorialcompany.com\/es\/floor-care\/","title":{"rendered":"Cuidado de Pisos"},"content":{"rendered":"<p>[et_pb_section fb_built=\u00bb1&#8243; _builder_version=\u00bb4.27.4&#8243; _module_preset=\u00bbdefault\u00bb background_image=\u00bbhttps:\/\/premierjanitorialcompany.com\/wp-content\/uploads\/2024\/12\/banner.jpg\u00bb custom_padding=\u00bb2px||5px|||\u00bb animation_style=\u00bbslide\u00bb global_colors_info=\u00bb{}\u00bb][et_pb_row _builder_version=\u00bb4.27.4&#8243; _module_preset=\u00bbdefault\u00bb background_image=\u00bbhttps:\/\/premierjanitorialcompany.com\/wp-content\/uploads\/2024\/12\/fondo-tras.png\u00bb width=\u00bb100%\u00bb max_width=\u00bb100%\u00bb global_colors_info=\u00bb{}\u00bb][et_pb_column type=\u00bb4_4&#8243; _builder_version=\u00bb4.27.4&#8243; _module_preset=\u00bbdefault\u00bb global_colors_info=\u00bb{}\u00bb][et_pb_divider show_divider=\u00bboff\u00bb _builder_version=\u00bb4.27.4&#8243; _module_preset=\u00bbdefault\u00bb custom_margin=\u00bb181px||181px||true|false\u00bb global_colors_info=\u00bb{}\u00bb][\/et_pb_divider][\/et_pb_column][\/et_pb_row][\/et_pb_section][et_pb_section fb_built=\u00bb1&#8243; _builder_version=\u00bb4.27.4&#8243; _module_preset=\u00bbdefault\u00bb background_image=\u00bbhttps:\/\/premierjanitorialcompany.com\/wp-content\/uploads\/2024\/12\/Boceto-Premier-Clean-janitorial.png\u00bb custom_padding=\u00bb20px||20px||true|false\u00bb global_colors_info=\u00bb{}\u00bb][et_pb_row column_structure=\u00bb1_2,1_2&#8243; _builder_version=\u00bb4.27.4&#8243; _module_preset=\u00bbdefault\u00bb width=\u00bb90%\u00bb max_width=\u00bb90%\u00bb global_colors_info=\u00bb{}\u00bb][et_pb_column type=\u00bb1_2&#8243; _builder_version=\u00bb4.27.4&#8243; _module_preset=\u00bbdefault\u00bb global_colors_info=\u00bb{}\u00bb][et_pb_text _builder_version=\u00bb4.27.4&#8243; _module_preset=\u00bbdefault\u00bb text_font=\u00bbMyriad Pro|800|||||||\u00bb text_text_color=\u00bb#d3b06c\u00bb text_font_size=\u00bb50px\u00bb text_line_height=\u00bb1em\u00bb hover_enabled=\u00bb0&#8243; text_font_size_tablet=\u00bb35px\u00bb text_font_size_phone=\u00bb30px\u00bb text_font_size_last_edited=\u00bbon|phone\u00bb global_colors_info=\u00bb{}\u00bb sticky_enabled=\u00bb0&#8243;]<\/p>\n<p><strong>Cuidado de Pisos<\/strong><\/p>\n<p>[\/et_pb_text][et_pb_text _builder_version=\u00bb4.27.4&#8243; _module_preset=\u00bbdefault\u00bb text_text_color=\u00bb#000000&#8243; text_orientation=\u00bbjustified\u00bb global_colors_info=\u00bb{}\u00bb custom_padding=\u00bb||0px|||\u00bb]<\/p>\n<p>Los pisos son una parte crucial de cualquier espacio, y mantenerlos en perfectas condiciones es esencial. Ofrecemos limpieza profunda, encerado, pulido y restauraci\u00f3n para todo tipo de pisos, incluidos baldosas y alfombras.<\/p>\n<p>Nuestras t\u00e9cnicas y equipos especializados no solo mejoran la apariencia, sino que tambi\u00e9n prolongan la vida \u00fatil de tus pisos.<\/p>\n<p>[\/et_pb_text][et_pb_text _builder_version=\u00bb4.27.4&#8243; _module_preset=\u00bbdefault\u00bb text_font=\u00bbMyriad Pro|800|||||||\u00bb text_text_color=\u00bb#d3b06c\u00bb text_font_size=\u00bb35px\u00bb text_line_height=\u00bb1em\u00bb hover_enabled=\u00bb0&#8243; text_font_size_tablet=\u00bb35px\u00bb text_font_size_phone=\u00bb30px\u00bb text_font_size_last_edited=\u00bbon|phone\u00bb global_colors_info=\u00bb{}\u00bb sticky_enabled=\u00bb0&#8243;]<\/p>\n<p>D\u00e9janos resaltar lo mejor de tus pisos con nuestra experiencia.<\/p>\n<p>[\/et_pb_text][\/et_pb_column][et_pb_column type=\u00bb1_2&#8243; _builder_version=\u00bb4.27.4&#8243; _module_preset=\u00bbdefault\u00bb background_color=\u00bb#46516d\u00bb custom_padding=\u00bb20px|20px|20px|20px|true|true\u00bb box_shadow_style=\u00bbpreset2&#8243; global_colors_info=\u00bb{}\u00bb][et_pb_image src=\u00bbhttps:\/\/premierjanitorialcompany.com\/wp-content\/uploads\/2024\/12\/full-shot-man-vacuuming-office-floor.jpg\u00bb title_text=\u00bbfull-shot-man-vacuuming-office-floor\u00bb _builder_version=\u00bb4.27.4&#8243; _module_preset=\u00bbdefault\u00bb global_colors_info=\u00bb{}\u00bb][\/et_pb_image][\/et_pb_column][\/et_pb_row][\/et_pb_section]<\/p>\n","protected":false},"excerpt":{"rendered":"<p>Cuidado de PisosLos pisos son una parte crucial de cualquier espacio, y mantenerlos en perfectas condiciones es esencial. Ofrecemos limpieza profunda, encerado, pulido y restauraci\u00f3n para todo tipo de pisos, incluidos baldosas y alfombras. Nuestras t\u00e9cnicas y equipos especializados no solo mejoran la apariencia, sino que tambi\u00e9n prolongan la vida \u00fatil de tus pisos.D\u00e9janos resaltar [&hellip;]<\/p>\n","protected":false},"author":1,"featured_media":0,"parent":0,"menu_order":0,"comment_status":"closed","ping_status":"closed","template":"","meta":{"_et_pb_use_builder":"on","_et_pb_old_content":"<p>[et_pb_section fb_built=\"1\" _builder_version=\"4.27.4\" _module_preset=\"default\" background_image=\"https:\/\/premierjanitorialcompany.com\/wp-content\/uploads\/2024\/12\/banner.jpg\" custom_padding=\"2px||5px|||\" animation_style=\"slide\" global_colors_info=\"{}\" theme_builder_area=\"post_content\"][et_pb_row _builder_version=\"4.27.4\" _module_preset=\"default\" background_image=\"https:\/\/premierjanitorialcompany.com\/wp-content\/uploads\/2024\/12\/fondo-tras.png\" width=\"100%\" max_width=\"100%\" global_colors_info=\"{}\" theme_builder_area=\"post_content\"][et_pb_column type=\"4_4\" _builder_version=\"4.27.4\" _module_preset=\"default\" global_colors_info=\"{}\" theme_builder_area=\"post_content\"][et_pb_divider show_divider=\"off\" _builder_version=\"4.27.4\" _module_preset=\"default\" custom_margin=\"181px||181px||true|false\" global_colors_info=\"{}\" theme_builder_area=\"post_content\"][\/et_pb_divider][\/et_pb_column][\/et_pb_row][\/et_pb_section][et_pb_section fb_built=\"1\" _builder_version=\"4.27.4\" _module_preset=\"default\" background_image=\"https:\/\/premierjanitorialcompany.com\/wp-content\/uploads\/2024\/12\/Boceto-Premier-Clean-janitorial.png\" custom_padding=\"20px||20px||true|false\" global_colors_info=\"{}\"][et_pb_row column_structure=\"1_2,1_2\" _builder_version=\"4.27.4\" _module_preset=\"default\" width=\"90%\" max_width=\"90%\" global_colors_info=\"{}\"][et_pb_column type=\"1_2\" _builder_version=\"4.27.4\" _module_preset=\"default\" global_colors_info=\"{}\"][et_pb_text _builder_version=\"4.27.4\" _module_preset=\"default\" text_font=\"Myriad Pro|800|||||||\" text_text_color=\"#d3b06c\" text_font_size=\"50px\" text_line_height=\"1em\" text_font_size_tablet=\"35px\" text_font_size_phone=\"30px\" text_font_size_last_edited=\"on|phone\" global_colors_info=\"{}\"]<\/p><p>Floor Care<\/p><p>[\/et_pb_text][et_pb_text _builder_version=\"4.27.4\" _module_preset=\"default\" text_text_color=\"#000000\" text_orientation=\"justified\" global_colors_info=\"{}\"]<\/p><p>Floors are a crucial part of any space, and keeping them in pristine condition is essential. We offer deep cleaning, waxing, polishing, and restoration for all types of flooring, including tiles and carpets.<\/p><p>Our specialized techniques and equipment not only improve the appearance but also extend the life of your floors.<\/p><p>[\/et_pb_text][et_pb_text _builder_version=\"4.27.4\" _module_preset=\"default\" text_font=\"Myriad Pro|800|||||||\" text_text_color=\"#d3b06c\" text_font_size=\"35px\" text_line_height=\"1em\" text_font_size_tablet=\"35px\" text_font_size_phone=\"30px\" text_font_size_last_edited=\"on|phone\" global_colors_info=\"{}\"]<\/p><p>Let us bring out the best in your floors with our expertise.<\/p><p>[\/et_pb_text][\/et_pb_column][et_pb_column type=\"1_2\" _builder_version=\"4.27.4\" _module_preset=\"default\" background_color=\"#46516d\" custom_padding=\"20px|20px|20px|20px|true|true\" box_shadow_style=\"preset2\" global_colors_info=\"{}\"][et_pb_image src=\"https:\/\/premierjanitorialcompany.com\/wp-content\/uploads\/2024\/12\/full-shot-man-vacuuming-office-floor.jpg\" title_text=\"full-shot-man-vacuuming-office-floor\" _builder_version=\"4.27.4\" _module_preset=\"default\" global_colors_info=\"{}\"][\/et_pb_image][\/et_pb_column][\/et_pb_row][\/et_pb_section]<\/p>","_et_gb_content_width":"","footnotes":""},"class_list":["post-443","page","type-page","status-publish","hentry"],"_links":{"self":[{"href":"https:\/\/www.premierjanitorialcompany.com\/es\/wp-json\/wp\/v2\/pages\/443","targetHints":{"allow":["GET"]}}],"collection":[{"href":"https:\/\/www.premierjanitorialcompany.com\/es\/wp-json\/wp\/v2\/pages"}],"about":[{"href":"https:\/\/www.premierjanitorialcompany.com\/es\/wp-json\/wp\/v2\/types\/page"}],"author":[{"embeddable":true,"href":"https:\/\/www.premierjanitorialcompany.com\/es\/wp-json\/wp\/v2\/users\/1"}],"replies":[{"embeddable":true,"href":"https:\/\/www.premierjanitorialcompany.com\/es\/wp-json\/wp\/v2\/comments?post=443"}],"version-history":[{"count":4,"href":"https:\/\/www.premierjanitorialcompany.com\/es\/wp-json\/wp\/v2\/pages\/443\/revisions"}],"predecessor-version":[{"id":448,"href":"https:\/\/www.premierjanitorialcompany.com\/es\/wp-json\/wp\/v2\/pages\/443\/revisions\/448"}],"wp:attachment":[{"href":"https:\/\/www.premierjanitorialcompany.com\/es\/wp-json\/wp\/v2\/media?parent=443"}],"curies":[{"name":"wp","href":"https:\/\/api.w.org\/{rel}","templated":true}]}}